{"id":3229,"date":"2021-04-10T14:03:22","date_gmt":"2021-04-10T14:03:22","guid":{"rendered":"https:\/\/oromat.si\/?page_id=3229"},"modified":"2021-04-20T11:25:17","modified_gmt":"2021-04-20T11:25:17","slug":"4-struzenje-splosno","status":"publish","type":"page","link":"https:\/\/oromat.si\/sl\/4-struzenje-splosno\/","title":{"rendered":"4. Stru\u017eenje &#8211; splo\u0161no"},"content":{"rendered":"\t\t<div data-elementor-type=\"wp-page\" data-elementor-id=\"3229\" class=\"elementor elementor-3229\">\n\t\t\t\t\t\t\t\t\t<section class=\"elementor-section elementor-top-section elementor-element elementor-element-4d804e9d elementor-section-boxed elementor-section-height-default elementor-section-height-default\" data-id=\"4d804e9d\" data-element_type=\"section\" data-settings=\"{&quot;background_background&quot;:&quot;classic&quot;}\">\n\t\t\t\t\t\t<div class=\"elementor-container elementor-column-gap-default\">\n\t\t\t\t\t<div class=\"elementor-column elementor-col-100 elementor-top-column elementor-element elementor-element-457cd6ca\" data-id=\"457cd6ca\" data-element_type=\"column\">\n\t\t\t<div class=\"elementor-widget-wrap elementor-element-populated\">\n\t\t\t\t\t\t\t\t<div class=\"elementor-element elementor-element-53ec48ec elementor-widget elementor-widget-spacer\" data-id=\"53ec48ec\" data-element_type=\"widget\" data-widget_type=\"spacer.default\">\n\t\t\t\t<div class=\"elementor-widget-container\">\n\t\t\t\t\t<div class=\"elementor-spacer\">\n\t\t\t<div class=\"elementor-spacer-inner\"><\/div>\n\t\t<\/div>\n\t\t\t\t<\/div>\n\t\t\t\t<\/div>\n\t\t\t\t<div class=\"elementor-element elementor-element-10e82420 elementor-widget elementor-widget-heading\" data-id=\"10e82420\" data-element_type=\"widget\" data-widget_type=\"heading.default\">\n\t\t\t\t<div class=\"elementor-widget-container\">\n\t\t\t<h1 class=\"elementor-heading-title elementor-size-xl\">SPLO\u0160NO O STRU\u017dENJU<\/h1>\t\t<\/div>\n\t\t\t\t<\/div>\n\t\t\t\t<div class=\"elementor-element elementor-element-2d379363 elementor-widget elementor-widget-spacer\" data-id=\"2d379363\" data-element_type=\"widget\" data-widget_type=\"spacer.default\">\n\t\t\t\t<div class=\"elementor-widget-container\">\n\t\t\t\t\t<div class=\"elementor-spacer\">\n\t\t\t<div class=\"elementor-spacer-inner\"><\/div>\n\t\t<\/div>\n\t\t\t\t<\/div>\n\t\t\t\t<\/div>\n\t\t\t\t\t<\/div>\n\t\t<\/div>\n\t\t\t\t\t\t\t<\/div>\n\t\t<\/section>\n\t\t\t\t<section class=\"elementor-section elementor-top-section elementor-element elementor-element-e3d1d4f elementor-section-boxed elementor-section-height-default elementor-section-height-default\" data-id=\"e3d1d4f\" data-element_type=\"section\" data-settings=\"{&quot;background_background&quot;:&quot;classic&quot;}\">\n\t\t\t\t\t\t<div class=\"elementor-container elementor-column-gap-default\">\n\t\t\t\t\t<div class=\"elementor-column elementor-col-100 elementor-top-column elementor-element elementor-element-6e00841\" data-id=\"6e00841\" data-element_type=\"column\">\n\t\t\t<div class=\"elementor-widget-wrap elementor-element-populated\">\n\t\t\t\t\t\t\t\t<div class=\"elementor-element elementor-element-00b9493 elementor-widget elementor-widget-heading\" data-id=\"00b9493\" data-element_type=\"widget\" data-widget_type=\"heading.default\">\n\t\t\t\t<div class=\"elementor-widget-container\">\n\t\t\t<h2 class=\"elementor-heading-title elementor-size-default\">Kaj je stru\u017eenje?<\/h2>\t\t<\/div>\n\t\t\t\t<\/div>\n\t\t\t\t<div class=\"elementor-element elementor-element-a5ebe4b elementor-widget elementor-widget-text-editor\" data-id=\"a5ebe4b\" data-element_type=\"widget\" data-widget_type=\"text-editor.default\">\n\t\t\t\t<div class=\"elementor-widget-container\">\n\t\t\t\t\t\t\t<p style=\"text-align: center;\">Stru\u017eenje ustvarja valjaste in zaobljene oblike z enoto\u010dkovnim orodjem. Definicija stru\u017eenja je, da orodje miruje in se obdelovanec vrti. Postopek stru\u017eenja je najpogostej\u0161i postopek rezanja kovin in je zelo optimiziran postopek, ki zahteva temeljito preu\u010ditev razli\u010dnih dejavnikov pri uporabi stru\u017eenja. Stru\u017eenje lahko razdelimo na \u0161tevilne osnovne aplikacije (vzdol\u017eno stru\u017eenje, obra\u010danje in profiliranje), ki zahtevajo posebno vrsto orodij, rezanje podatkov in programiranje, da se operacija izvede na naju\u010dinkovitej\u0161i na\u010din.<\/p><p><img fetchpriority=\"high\" decoding=\"async\" class=\"size-medium wp-image-3237 aligncenter\" src=\"https:\/\/oromat.si\/wp-content\/uploads\/2021\/04\/4.1-300x250.jpg\" alt=\"\" width=\"300\" height=\"250\" srcset=\"https:\/\/oromat.si\/wp-content\/uploads\/2021\/04\/4.1-300x250.jpg 300w, https:\/\/oromat.si\/wp-content\/uploads\/2021\/04\/4.1-768x640.jpg 768w, https:\/\/oromat.si\/wp-content\/uploads\/2021\/04\/4.1-14x12.jpg 14w, https:\/\/oromat.si\/wp-content\/uploads\/2021\/04\/4.1.jpg 800w\" sizes=\"(max-width: 300px) 100vw, 300px\" \/><\/p>\t\t\t\t\t\t<\/div>\n\t\t\t\t<\/div>\n\t\t\t\t<div class=\"elementor-element elementor-element-5481155 elementor-widget elementor-widget-heading\" data-id=\"5481155\" data-element_type=\"widget\" data-widget_type=\"heading.default\">\n\t\t\t\t<div class=\"elementor-widget-container\">\n\t\t\t<h2 class=\"elementor-heading-title elementor-size-default\">Za\u010detni premisleki pri stru\u017eenju<\/h2>\t\t<\/div>\n\t\t\t\t<\/div>\n\t\t\t\t<div class=\"elementor-element elementor-element-83da748 elementor-widget elementor-widget-text-editor\" data-id=\"83da748\" data-element_type=\"widget\" data-widget_type=\"text-editor.default\">\n\t\t\t\t<div class=\"elementor-widget-container\">\n\t\t\t\t\t\t\t<p style=\"text-align: center;\">Ti za\u010detni premisleki bodo vplivali na izbiro stru\u017enega orodja in na\u010din njihove uporabe:<\/p>\t\t\t\t\t\t<\/div>\n\t\t\t\t<\/div>\n\t\t\t\t<div class=\"elementor-element elementor-element-e140328 elementor-widget elementor-widget-heading\" data-id=\"e140328\" data-element_type=\"widget\" data-widget_type=\"heading.default\">\n\t\t\t\t<div class=\"elementor-widget-container\">\n\t\t\t<h3 class=\"elementor-heading-title elementor-size-default\">Komponenta<\/h3>\t\t<\/div>\n\t\t\t\t<\/div>\n\t\t\t\t<div class=\"elementor-element elementor-element-c86b5c1 elementor-widget elementor-widget-text-editor\" data-id=\"c86b5c1\" data-element_type=\"widget\" data-widget_type=\"text-editor.default\">\n\t\t\t\t<div class=\"elementor-widget-container\">\n\t\t\t\t\t\t\t<p style=\"text-align: center;\">Upo\u0161tevajte naslednje mere in zahteve glede kakovosti komponente, ki jo \u017eelite obdelati:<\/p>\t\t\t\t\t\t<\/div>\n\t\t\t\t<\/div>\n\t\t\t\t<div class=\"elementor-element elementor-element-bc0cc53 elementor-align-center elementor-icon-list--layout-traditional elementor-list-item-link-full_width elementor-widget elementor-widget-icon-list\" data-id=\"bc0cc53\" data-element_type=\"widget\" data-widget_type=\"icon-list.default\">\n\t\t\t\t<div class=\"elementor-widget-container\">\n\t\t\t\t\t<ul class=\"elementor-icon-list-items\">\n\t\t\t\t\t\t\t<li class=\"elementor-icon-list-item\">\n\t\t\t\t\t\t\t\t\t\t\t<span class=\"elementor-icon-list-icon\">\n\t\t\t\t\t\t\t<i aria-hidden=\"true\" class=\"fas fa-check\"><\/i>\t\t\t\t\t\t<\/span>\n\t\t\t\t\t\t\t\t\t\t<span class=\"elementor-icon-list-text\">Vrste aplikacij, na primer vzdol\u017ene ali profilirane, notranje ali zunanje.<\/span>\n\t\t\t\t\t\t\t\t\t<\/li>\n\t\t\t\t\t\t\t\t<li class=\"elementor-icon-list-item\">\n\t\t\t\t\t\t\t\t\t\t\t<span class=\"elementor-icon-list-icon\">\n\t\t\t\t\t\t\t<i aria-hidden=\"true\" class=\"fas fa-check\"><\/i>\t\t\t\t\t\t<\/span>\n\t\t\t\t\t\t\t\t\t\t<span class=\"elementor-icon-list-text\">Vrsta metod, na primer groba obdelava ali dodelava.<\/span>\n\t\t\t\t\t\t\t\t\t<\/li>\n\t\t\t\t\t\t\t\t<li class=\"elementor-icon-list-item\">\n\t\t\t\t\t\t\t\t\t\t\t<span class=\"elementor-icon-list-icon\">\n\t\t\t\t\t\t\t<i aria-hidden=\"true\" class=\"fas fa-check\"><\/i>\t\t\t\t\t\t<\/span>\n\t\t\t\t\t\t\t\t\t\t<span class=\"elementor-icon-list-text\">Velika, stabilna komponenta.<\/span>\n\t\t\t\t\t\t\t\t\t<\/li>\n\t\t\t\t\t\t\t\t<li class=\"elementor-icon-list-item\">\n\t\t\t\t\t\t\t\t\t\t\t<span class=\"elementor-icon-list-icon\">\n\t\t\t\t\t\t\t<i aria-hidden=\"true\" class=\"fas fa-check\"><\/i>\t\t\t\t\t\t<\/span>\n\t\t\t\t\t\t\t\t\t\t<span class=\"elementor-icon-list-text\">Majhna, dolga, vitka, tankostenska komponenta.<\/span>\n\t\t\t\t\t\t\t\t\t<\/li>\n\t\t\t\t\t\t\t\t<li class=\"elementor-icon-list-item\">\n\t\t\t\t\t\t\t\t\t\t\t<span class=\"elementor-icon-list-icon\">\n\t\t\t\t\t\t\t<i aria-hidden=\"true\" class=\"fas fa-check\"><\/i>\t\t\t\t\t\t<\/span>\n\t\t\t\t\t\t\t\t\t\t<span class=\"elementor-icon-list-text\">Polmer vogala.<\/span>\n\t\t\t\t\t\t\t\t\t<\/li>\n\t\t\t\t\t\t\t\t<li class=\"elementor-icon-list-item\">\n\t\t\t\t\t\t\t\t\t\t\t<span class=\"elementor-icon-list-icon\">\n\t\t\t\t\t\t\t<i aria-hidden=\"true\" class=\"fas fa-check\"><\/i>\t\t\t\t\t\t<\/span>\n\t\t\t\t\t\t\t\t\t\t<span class=\"elementor-icon-list-text\">Zahteve glede kakovosti (toleranca, povr\u0161inska obdelava itd.).<\/span>\n\t\t\t\t\t\t\t\t\t<\/li>\n\t\t\t\t\t\t<\/ul>\n\t\t\t\t<\/div>\n\t\t\t\t<\/div>\n\t\t\t\t<div class=\"elementor-element elementor-element-278020a elementor-widget elementor-widget-text-editor\" data-id=\"278020a\" data-element_type=\"widget\" data-widget_type=\"text-editor.default\">\n\t\t\t\t<div class=\"elementor-widget-container\">\n\t\t\t\t\t\t\t<p style=\"text-align: center;\">Po preu\u010ditvi lastnosti si oglejte komponento:<\/p><p><img decoding=\"async\" class=\"size-medium wp-image-3238 aligncenter\" src=\"https:\/\/oromat.si\/wp-content\/uploads\/2021\/04\/4.2-300x194.jpg\" alt=\"\" width=\"300\" height=\"194\" srcset=\"https:\/\/oromat.si\/wp-content\/uploads\/2021\/04\/4.2-300x194.jpg 300w, https:\/\/oromat.si\/wp-content\/uploads\/2021\/04\/4.2-16x10.jpg 16w, https:\/\/oromat.si\/wp-content\/uploads\/2021\/04\/4.2.jpg 400w\" sizes=\"(max-width: 300px) 100vw, 300px\" \/><\/p>\t\t\t\t\t\t<\/div>\n\t\t\t\t<\/div>\n\t\t\t\t<div class=\"elementor-element elementor-element-f14fb1b elementor-align-center elementor-icon-list--layout-traditional elementor-list-item-link-full_width elementor-widget elementor-widget-icon-list\" data-id=\"f14fb1b\" data-element_type=\"widget\" data-widget_type=\"icon-list.default\">\n\t\t\t\t<div class=\"elementor-widget-container\">\n\t\t\t\t\t<ul class=\"elementor-icon-list-items\">\n\t\t\t\t\t\t\t<li class=\"elementor-icon-list-item\">\n\t\t\t\t\t\t\t\t\t\t\t<span class=\"elementor-icon-list-icon\">\n\t\t\t\t\t\t\t<i aria-hidden=\"true\" class=\"fas fa-check\"><\/i>\t\t\t\t\t\t<\/span>\n\t\t\t\t\t\t\t\t\t\t<span class=\"elementor-icon-list-text\">Ali ima material dobre odlomne lastnosti?<\/span>\n\t\t\t\t\t\t\t\t\t<\/li>\n\t\t\t\t\t\t\t\t<li class=\"elementor-icon-list-item\">\n\t\t\t\t\t\t\t\t\t\t\t<span class=\"elementor-icon-list-icon\">\n\t\t\t\t\t\t\t<i aria-hidden=\"true\" class=\"fas fa-check\"><\/i>\t\t\t\t\t\t<\/span>\n\t\t\t\t\t\t\t\t\t\t<span class=\"elementor-icon-list-text\">Je odvajanje ostru\u017ekov kriti\u010dna te\u017eava? Mno\u017ei\u010dna proizvodnja upravi\u010duje optimizirano prilagojeno orodje za pove\u010danje produktivnosti.<\/span>\n\t\t\t\t\t\t\t\t\t<\/li>\n\t\t\t\t\t\t\t\t<li class=\"elementor-icon-list-item\">\n\t\t\t\t\t\t\t\t\t\t\t<span class=\"elementor-icon-list-icon\">\n\t\t\t\t\t\t\t<i aria-hidden=\"true\" class=\"fas fa-check\"><\/i>\t\t\t\t\t\t<\/span>\n\t\t\t\t\t\t\t\t\t\t<span class=\"elementor-icon-list-text\">Velikost serije, posamezna komponenta ali mno\u017ei\u010dna proizvodnja?<\/span>\n\t\t\t\t\t\t\t\t\t<\/li>\n\t\t\t\t\t\t\t\t<li class=\"elementor-icon-list-item\">\n\t\t\t\t\t\t\t\t\t\t\t<span class=\"elementor-icon-list-icon\">\n\t\t\t\t\t\t\t<i aria-hidden=\"true\" class=\"fas fa-check\"><\/i>\t\t\t\t\t\t<\/span>\n\t\t\t\t\t\t\t\t\t\t<span class=\"elementor-icon-list-text\">Ali je komponento mogo\u010de varno pritrditi?<\/span>\n\t\t\t\t\t\t\t\t\t<\/li>\n\t\t\t\t\t\t<\/ul>\n\t\t\t\t<\/div>\n\t\t\t\t<\/div>\n\t\t\t\t<div class=\"elementor-element elementor-element-307e448 elementor-widget elementor-widget-heading\" data-id=\"307e448\" data-element_type=\"widget\" data-widget_type=\"heading.default\">\n\t\t\t\t<div class=\"elementor-widget-container\">\n\t\t\t<h3 class=\"elementor-heading-title elementor-size-default\">Stroj<\/h3>\t\t<\/div>\n\t\t\t\t<\/div>\n\t\t\t\t<div class=\"elementor-element elementor-element-5dd6693 elementor-widget elementor-widget-text-editor\" data-id=\"5dd6693\" data-element_type=\"widget\" data-widget_type=\"text-editor.default\">\n\t\t\t\t<div class=\"elementor-widget-container\">\n\t\t\t\t\t\t\t<p style=\"text-align: center;\">Strojni premisleki vklju\u010dujejo:<\/p>\t\t\t\t\t\t<\/div>\n\t\t\t\t<\/div>\n\t\t\t\t<div class=\"elementor-element elementor-element-4a8e133 elementor-align-center elementor-icon-list--layout-traditional elementor-list-item-link-full_width elementor-widget elementor-widget-icon-list\" data-id=\"4a8e133\" data-element_type=\"widget\" data-widget_type=\"icon-list.default\">\n\t\t\t\t<div class=\"elementor-widget-container\">\n\t\t\t\t\t<ul class=\"elementor-icon-list-items\">\n\t\t\t\t\t\t\t<li class=\"elementor-icon-list-item\">\n\t\t\t\t\t\t\t\t\t\t\t<span class=\"elementor-icon-list-icon\">\n\t\t\t\t\t\t\t<i aria-hidden=\"true\" class=\"fas fa-check\"><\/i>\t\t\t\t\t\t<\/span>\n\t\t\t\t\t\t\t\t\t\t<span class=\"elementor-icon-list-text\">Stabilnost, mo\u010d in navor, zlasti za ve\u010dje komponente.<\/span>\n\t\t\t\t\t\t\t\t\t<\/li>\n\t\t\t\t\t\t\t\t<li class=\"elementor-icon-list-item\">\n\t\t\t\t\t\t\t\t\t\t\t<span class=\"elementor-icon-list-icon\">\n\t\t\t\t\t\t\t<i aria-hidden=\"true\" class=\"fas fa-check\"><\/i>\t\t\t\t\t\t<\/span>\n\t\t\t\t\t\t\t\t\t\t<span class=\"elementor-icon-list-text\">Dovajanje hladilne teko\u010dine ali suha obdelava.<\/span>\n\t\t\t\t\t\t\t\t\t<\/li>\n\t\t\t\t\t\t\t\t<li class=\"elementor-icon-list-item\">\n\t\t\t\t\t\t\t\t\t\t\t<span class=\"elementor-icon-list-icon\">\n\t\t\t\t\t\t\t<i aria-hidden=\"true\" class=\"fas fa-check\"><\/i>\t\t\t\t\t\t<\/span>\n\t\t\t\t\t\t\t\t\t\t<span class=\"elementor-icon-list-text\">Ali je potrebna visokotla\u010dna hladilna teko\u010dina za lomljenje ostru\u017ekov v materialih z dolgimi sekanci?<\/span>\n\t\t\t\t\t\t\t\t\t<\/li>\n\t\t\t\t\t\t\t\t<li class=\"elementor-icon-list-item\">\n\t\t\t\t\t\t\t\t\t\t\t<span class=\"elementor-icon-list-icon\">\n\t\t\t\t\t\t\t<i aria-hidden=\"true\" class=\"fas fa-check\"><\/i>\t\t\t\t\t\t<\/span>\n\t\t\t\t\t\t\t\t\t\t<span class=\"elementor-icon-list-text\">\u010casi menjave orodij \/ \u0161tevilo orodij v kupoli.<\/span>\n\t\t\t\t\t\t\t\t\t<\/li>\n\t\t\t\t\t\t\t\t<li class=\"elementor-icon-list-item\">\n\t\t\t\t\t\t\t\t\t\t\t<span class=\"elementor-icon-list-icon\">\n\t\t\t\t\t\t\t<i aria-hidden=\"true\" class=\"fas fa-check\"><\/i>\t\t\t\t\t\t<\/span>\n\t\t\t\t\t\t\t\t\t\t<span class=\"elementor-icon-list-text\">Omejitve vrtljajev na minuto, \u0161e posebej za nabojnik.<\/span>\n\t\t\t\t\t\t\t\t\t<\/li>\n\t\t\t\t\t\t\t\t<li class=\"elementor-icon-list-item\">\n\t\t\t\t\t\t\t\t\t\t\t<span class=\"elementor-icon-list-icon\">\n\t\t\t\t\t\t\t<i aria-hidden=\"true\" class=\"fas fa-check\"><\/i>\t\t\t\t\t\t<\/span>\n\t\t\t\t\t\t\t\t\t\t<span class=\"elementor-icon-list-text\">Ali je na voljo pod vreteno ali rep?<\/span>\n\t\t\t\t\t\t\t\t\t<\/li>\n\t\t\t\t\t\t<\/ul>\n\t\t\t\t<\/div>\n\t\t\t\t<\/div>\n\t\t\t\t<div class=\"elementor-element elementor-element-77ecf69 elementor-widget elementor-widget-image\" data-id=\"77ecf69\" data-element_type=\"widget\" data-widget_type=\"image.default\">\n\t\t\t\t<div class=\"elementor-widget-container\">\n\t\t\t\t\t\t\t\t\t\t\t\t\t\t\t<img decoding=\"async\" width=\"300\" height=\"193\" src=\"https:\/\/oromat.si\/wp-content\/uploads\/2021\/04\/4.3.jpg\" class=\"attachment-large size-large wp-image-3239\" alt=\"\" srcset=\"https:\/\/oromat.si\/wp-content\/uploads\/2021\/04\/4.3.jpg 300w, https:\/\/oromat.si\/wp-content\/uploads\/2021\/04\/4.3-16x10.jpg 16w\" sizes=\"(max-width: 300px) 100vw, 300px\" \/>\t\t\t\t\t\t\t\t\t\t\t\t\t\t\t<\/div>\n\t\t\t\t<\/div>\n\t\t\t\t<div class=\"elementor-element elementor-element-2de185c elementor-widget elementor-widget-text-editor\" data-id=\"2de185c\" data-element_type=\"widget\" data-widget_type=\"text-editor.default\">\n\t\t\t\t<div class=\"elementor-widget-container\">\n\t\t\t\t\t\t\t<p>\u00a0<\/p><p style=\"text-align: center;\"><strong><span style=\"color: #0000ff;\">Vas zanimajo storitve stru\u017eenja?<\/span><\/strong><\/p><p style=\"text-align: center;\"><span style=\"color: #0000ff;\">Poglejte si na\u0161o ponudbo:<\/span><\/p><p style=\"text-align: center;\"><a href=\"https:\/\/oromat.si\/groba-obdelava-kovin\/\">GROBO STRU\u017dENJE<\/a><\/p><p style=\"text-align: center;\"><a href=\"https:\/\/oromat.si\/cnc-obdelava-kovin\/\">CNC STRU\u017dENJE<\/a><\/p><p style=\"text-align: center;\"><span style=\"color: #0000ff;\">Za vsa vpra\u0161anja smo vam na voljo:<\/span><\/p><p style=\"text-align: center;\"><a href=\"https:\/\/oromat.si\/kontakt\/\">KONTAKT<\/a><\/p><p>\u00a0<\/p>\t\t\t\t\t\t<\/div>\n\t\t\t\t<\/div>\n\t\t\t\t<div class=\"elementor-element elementor-element-909428e elementor-widget elementor-widget-text-editor\" data-id=\"909428e\" data-element_type=\"widget\" data-widget_type=\"text-editor.default\">\n\t\t\t\t<div class=\"elementor-widget-container\">\n\t\t\t\t\t\t\t<p>Source: Sandvik Coromant<\/p>\t\t\t\t\t\t<\/div>\n\t\t\t\t<\/div>\n\t\t\t\t\t<\/div>\n\t\t<\/div>\n\t\t\t\t\t\t\t<\/div>\n\t\t<\/section>\n\t\t\t\t\t\t\t<\/div>\n\t\t","protected":false},"excerpt":{"rendered":"<p>SPLO\u0160NO O STRU\u017dENJU Kaj je stru\u017eenje? Stru\u017eenje ustvarja valjaste in zaobljene oblike z enoto\u010dkovnim orodjem. Definicija stru\u017eenja je, da orodje miruje in se obdelovanec vrti. Postopek stru\u017eenja je najpogostej\u0161i postopek rezanja kovin in je zelo optimiziran postopek, ki zahteva temeljito preu\u010ditev razli\u010dnih dejavnikov pri uporabi stru\u017eenja. Stru\u017eenje lahko razdelimo na \u0161tevilne osnovne aplikacije (vzdol\u017eno stru\u017eenje, &hellip;<\/p>\n<p class=\"read-more\"> <a class=\"\" href=\"https:\/\/oromat.si\/sl\/4-struzenje-splosno\/\"> <span class=\"screen-reader-text\">4. Stru\u017eenje &#8211; splo\u0161no<\/span> Read More &raquo;<\/a><\/p>\n","protected":false},"author":1,"featured_media":0,"parent":0,"menu_order":0,"comment_status":"closed","ping_status":"closed","template":"","meta":{"footnotes":""},"_links":{"self":[{"href":"https:\/\/oromat.si\/sl\/wp-json\/wp\/v2\/pages\/3229"}],"collection":[{"href":"https:\/\/oromat.si\/sl\/wp-json\/wp\/v2\/pages"}],"about":[{"href":"https:\/\/oromat.si\/sl\/wp-json\/wp\/v2\/types\/page"}],"author":[{"embeddable":true,"href":"https:\/\/oromat.si\/sl\/wp-json\/wp\/v2\/users\/1"}],"replies":[{"embeddable":true,"href":"https:\/\/oromat.si\/sl\/wp-json\/wp\/v2\/comments?post=3229"}],"version-history":[{"count":57,"href":"https:\/\/oromat.si\/sl\/wp-json\/wp\/v2\/pages\/3229\/revisions"}],"predecessor-version":[{"id":4120,"href":"https:\/\/oromat.si\/sl\/wp-json\/wp\/v2\/pages\/3229\/revisions\/4120"}],"wp:attachment":[{"href":"https:\/\/oromat.si\/sl\/wp-json\/wp\/v2\/media?parent=3229"}],"curies":[{"name":"wp","href":"https:\/\/api.w.org\/{rel}","templated":true}]}}