{"id":333,"date":"2020-04-13T11:18:54","date_gmt":"2020-04-13T11:18:54","guid":{"rendered":"https:\/\/maligenij.si\/home\/"},"modified":"2021-04-11T10:09:04","modified_gmt":"2021-04-11T10:09:04","slug":"domov","status":"publish","type":"page","link":"https:\/\/oromat.si\/sl\/","title":{"rendered":"Domov"},"content":{"rendered":"\t\t<div data-elementor-type=\"wp-page\" data-elementor-id=\"333\" class=\"elementor elementor-333\">\n\t\t\t\t\t\t\t\t\t<section class=\"elementor-section elementor-top-section elementor-element elementor-element-5939a86c elementor-section-height-min-height elementor-section-boxed elementor-section-height-default elementor-section-items-middle\" data-id=\"5939a86c\" data-element_type=\"section\" data-settings=\"{&quot;background_background&quot;:&quot;classic&quot;}\">\n\t\t\t\t\t\t\t<div class=\"elementor-background-overlay\"><\/div>\n\t\t\t\t\t\t\t<div class=\"elementor-container elementor-column-gap-no\">\n\t\t\t\t\t<div class=\"elementor-column elementor-col-100 elementor-top-column elementor-element elementor-element-2c02f30\" data-id=\"2c02f30\" data-element_type=\"column\">\n\t\t\t<div class=\"elementor-widget-wrap elementor-element-populated\">\n\t\t\t\t\t\t\t\t\t<\/div>\n\t\t<\/div>\n\t\t\t\t\t\t\t<\/div>\n\t\t<\/section>\n\t\t\t\t<section class=\"elementor-section elementor-top-section elementor-element elementor-element-2c803e2 elementor-section-boxed elementor-section-height-default elementor-section-height-default\" data-id=\"2c803e2\" data-element_type=\"section\" data-settings=\"{&quot;background_background&quot;:&quot;classic&quot;,&quot;animation&quot;:&quot;none&quot;}\">\n\t\t\t\t\t\t\t<div class=\"elementor-background-overlay\"><\/div>\n\t\t\t\t\t\t\t<div class=\"elementor-container elementor-column-gap-default\">\n\t\t\t\t\t<div class=\"elementor-column elementor-col-100 elementor-top-column elementor-element elementor-element-7d58524\" data-id=\"7d58524\" data-element_type=\"column\">\n\t\t\t<div class=\"elementor-widget-wrap elementor-element-populated\">\n\t\t\t\t\t\t\t\t<div class=\"elementor-element elementor-element-63ee44a elementor-widget elementor-widget-heading\" data-id=\"63ee44a\" data-element_type=\"widget\" data-widget_type=\"heading.default\">\n\t\t\t\t<div class=\"elementor-widget-container\">\n\t\t\t<h1 class=\"elementor-heading-title elementor-size-xl\">CNC rezkanje, CNC stru\u017eenje & 3d storitve<\/h1>\t\t<\/div>\n\t\t\t\t<\/div>\n\t\t\t\t<div class=\"elementor-element elementor-element-9a0c37f elementor-widget elementor-widget-spacer\" data-id=\"9a0c37f\" data-element_type=\"widget\" data-widget_type=\"spacer.default\">\n\t\t\t\t<div class=\"elementor-widget-container\">\n\t\t\t\t\t<div class=\"elementor-spacer\">\n\t\t\t<div class=\"elementor-spacer-inner\"><\/div>\n\t\t<\/div>\n\t\t\t\t<\/div>\n\t\t\t\t<\/div>\n\t\t\t\t<div class=\"elementor-element elementor-element-9ea3310 elementor-widget elementor-widget-text-editor\" data-id=\"9ea3310\" data-element_type=\"widget\" data-widget_type=\"text-editor.default\">\n\t\t\t\t<div class=\"elementor-widget-container\">\n\t\t\t\t\t\t\t<p><span style=\"color: #000000;\"><strong>Mehanska obdelava jeklarskih, kova\u0161kih in valjarskih proizvodov<\/strong>, <strong>ki jih proizvaja Oromat,<\/strong> zajemajo gredice, kvadratne, plo\u0161\u010date in okrogle profile ter valje. Poleg grobe obdelave vseh vrst jekla, vam nudimo \u0161e kvalitetno in natan\u010dno obdelavo razli\u010dnih kovin na CNC strojih. Pomagamo vam tudi pri projektiranju konstrukcij, nudimo storitve 3D merilnih sistemov, 3D skenerjev ter tiskanja prototipov.<\/span><\/p>\t\t\t\t\t\t<\/div>\n\t\t\t\t<\/div>\n\t\t\t\t<div class=\"elementor-element elementor-element-38b8cf5 elementor-align-center elementor-widget elementor-widget-button\" data-id=\"38b8cf5\" data-element_type=\"widget\" data-widget_type=\"button.default\">\n\t\t\t\t<div class=\"elementor-widget-container\">\n\t\t\t\t\t<div class=\"elementor-button-wrapper\">\n\t\t\t<a class=\"elementor-button elementor-button-link elementor-size-sm elementor-animation-grow\" href=\"https:\/\/oromat.si\/kontakt\/\">\n\t\t\t\t\t\t<span class=\"elementor-button-content-wrapper\">\n\t\t\t\t\t\t<span class=\"elementor-button-icon elementor-align-icon-left\">\n\t\t\t\t<i aria-hidden=\"true\" class=\"far fa-envelope\"><\/i>\t\t\t<\/span>\n\t\t\t\t\t\t<span class=\"elementor-button-text\">Vpra\u0161ajte nas<\/span>\n\t\t<\/span>\n\t\t\t\t\t<\/a>\n\t\t<\/div>\n\t\t\t\t<\/div>\n\t\t\t\t<\/div>\n\t\t\t\t\t<\/div>\n\t\t<\/div>\n\t\t\t\t\t\t\t<\/div>\n\t\t<\/section>\n\t\t\t\t<section class=\"elementor-section elementor-top-section elementor-element elementor-element-673136e elementor-section-boxed elementor-section-height-default elementor-section-height-default\" data-id=\"673136e\" data-element_type=\"section\" data-settings=\"{&quot;background_background&quot;:&quot;classic&quot;,&quot;animation&quot;:&quot;none&quot;}\">\n\t\t\t\t\t\t<div class=\"elementor-container elementor-column-gap-no\">\n\t\t\t\t\t<div class=\"elementor-column elementor-col-100 elementor-top-column elementor-element elementor-element-dc07cf0\" data-id=\"dc07cf0\" data-element_type=\"column\">\n\t\t\t<div class=\"elementor-widget-wrap elementor-element-populated\">\n\t\t\t\t\t\t\t\t<div class=\"elementor-element elementor-element-5b18595 elementor-widget elementor-widget-heading\" data-id=\"5b18595\" data-element_type=\"widget\" data-widget_type=\"heading.default\">\n\t\t\t\t<div class=\"elementor-widget-container\">\n\t\t\t<h1 class=\"elementor-heading-title elementor-size-xl\">PROIZVODNI PROGRAMI<\/h1>\t\t<\/div>\n\t\t\t\t<\/div>\n\t\t\t\t<section class=\"elementor-section elementor-inner-section elementor-element elementor-element-9ed16be elementor-section-boxed elementor-section-height-default elementor-section-height-default\" data-id=\"9ed16be\" data-element_type=\"section\">\n\t\t\t\t\t\t<div class=\"elementor-container elementor-column-gap-no\">\n\t\t\t\t\t<div class=\"elementor-column elementor-col-33 elementor-inner-column elementor-element elementor-element-a4177ad\" data-id=\"a4177ad\" data-element_type=\"column\" data-settings=\"{&quot;background_background&quot;:&quot;classic&quot;,&quot;animation&quot;:&quot;none&quot;}\">\n\t\t\t<div class=\"elementor-widget-wrap elementor-element-populated\">\n\t\t\t\t\t\t\t\t<div class=\"elementor-element elementor-element-a8cb092 elementor-widget elementor-widget-image\" data-id=\"a8cb092\" data-element_type=\"widget\" data-widget_type=\"image.default\">\n\t\t\t\t<div class=\"elementor-widget-container\">\n\t\t\t\t\t\t\t\t\t\t\t\t\t\t\t<img fetchpriority=\"high\" decoding=\"async\" width=\"512\" height=\"350\" src=\"https:\/\/oromat.si\/wp-content\/uploads\/2021\/01\/groba-mehanska-obdelava-kovin.jpg\" class=\"attachment-large size-large wp-image-2377\" alt=\"\" srcset=\"https:\/\/oromat.si\/wp-content\/uploads\/2021\/01\/groba-mehanska-obdelava-kovin.jpg 512w, https:\/\/oromat.si\/wp-content\/uploads\/2021\/01\/groba-mehanska-obdelava-kovin-300x205.jpg 300w, https:\/\/oromat.si\/wp-content\/uploads\/2021\/01\/groba-mehanska-obdelava-kovin-16x12.jpg 16w\" sizes=\"(max-width: 512px) 100vw, 512px\" \/>\t\t\t\t\t\t\t\t\t\t\t\t\t\t\t<\/div>\n\t\t\t\t<\/div>\n\t\t\t\t<div class=\"elementor-element elementor-element-d50df3b elementor-view-stacked elementor-shape-circle elementor-widget elementor-widget-icon\" data-id=\"d50df3b\" data-element_type=\"widget\" data-widget_type=\"icon.default\">\n\t\t\t\t<div class=\"elementor-widget-container\">\n\t\t\t\t\t<div class=\"elementor-icon-wrapper\">\n\t\t\t<div class=\"elementor-icon\">\n\t\t\t<i aria-hidden=\"true\" class=\"fas fa-cube\"><\/i>\t\t\t<\/div>\n\t\t<\/div>\n\t\t\t\t<\/div>\n\t\t\t\t<\/div>\n\t\t\t\t<div class=\"elementor-element elementor-element-20cf825 elementor-align-center elementor-widget elementor-widget-button\" data-id=\"20cf825\" data-element_type=\"widget\" data-widget_type=\"button.default\">\n\t\t\t\t<div class=\"elementor-widget-container\">\n\t\t\t\t\t<div class=\"elementor-button-wrapper\">\n\t\t\t<a class=\"elementor-button elementor-button-link elementor-size-sm elementor-animation-grow\" href=\"https:\/\/oromat.si\/groba-obdelava-kovin\/\">\n\t\t\t\t\t\t<span class=\"elementor-button-content-wrapper\">\n\t\t\t\t\t\t<span class=\"elementor-button-text\">GROBA OBDELAVA KOVIN<\/span>\n\t\t<\/span>\n\t\t\t\t\t<\/a>\n\t\t<\/div>\n\t\t\t\t<\/div>\n\t\t\t\t<\/div>\n\t\t\t\t\t<\/div>\n\t\t<\/div>\n\t\t\t\t<div class=\"elementor-column elementor-col-33 elementor-inner-column elementor-element elementor-element-f43f95b\" data-id=\"f43f95b\" data-element_type=\"column\" data-settings=\"{&quot;background_background&quot;:&quot;classic&quot;,&quot;animation&quot;:&quot;none&quot;}\">\n\t\t\t<div class=\"elementor-widget-wrap elementor-element-populated\">\n\t\t\t\t\t\t\t\t<div class=\"elementor-element elementor-element-d1858db elementor-widget elementor-widget-image\" data-id=\"d1858db\" data-element_type=\"widget\" data-widget_type=\"image.default\">\n\t\t\t\t<div class=\"elementor-widget-container\">\n\t\t\t\t\t\t\t\t\t\t\t\t\t\t\t<img decoding=\"async\" width=\"512\" height=\"350\" src=\"https:\/\/oromat.si\/wp-content\/uploads\/2021\/01\/cnc-obdelava-kovin.jpg\" class=\"attachment-large size-large wp-image-2376\" alt=\"\" srcset=\"https:\/\/oromat.si\/wp-content\/uploads\/2021\/01\/cnc-obdelava-kovin.jpg 512w, https:\/\/oromat.si\/wp-content\/uploads\/2021\/01\/cnc-obdelava-kovin-300x205.jpg 300w, https:\/\/oromat.si\/wp-content\/uploads\/2021\/01\/cnc-obdelava-kovin-16x12.jpg 16w\" sizes=\"(max-width: 512px) 100vw, 512px\" \/>\t\t\t\t\t\t\t\t\t\t\t\t\t\t\t<\/div>\n\t\t\t\t<\/div>\n\t\t\t\t<div class=\"elementor-element elementor-element-cd622dd elementor-view-stacked elementor-shape-square elementor-widget elementor-widget-icon\" data-id=\"cd622dd\" data-element_type=\"widget\" data-widget_type=\"icon.default\">\n\t\t\t\t<div class=\"elementor-widget-container\">\n\t\t\t\t\t<div class=\"elementor-icon-wrapper\">\n\t\t\t<div class=\"elementor-icon\">\n\t\t\t<i aria-hidden=\"true\" class=\"fas fa-project-diagram\"><\/i>\t\t\t<\/div>\n\t\t<\/div>\n\t\t\t\t<\/div>\n\t\t\t\t<\/div>\n\t\t\t\t<div class=\"elementor-element elementor-element-463b9f8 elementor-align-center elementor-widget elementor-widget-button\" data-id=\"463b9f8\" data-element_type=\"widget\" data-widget_type=\"button.default\">\n\t\t\t\t<div class=\"elementor-widget-container\">\n\t\t\t\t\t<div class=\"elementor-button-wrapper\">\n\t\t\t<a class=\"elementor-button elementor-button-link elementor-size-sm elementor-animation-grow\" href=\"https:\/\/oromat.si\/cnc-obdelava-kovin\/\">\n\t\t\t\t\t\t<span class=\"elementor-button-content-wrapper\">\n\t\t\t\t\t\t<span class=\"elementor-button-text\">CNC OBDELAVA KOVIN<\/span>\n\t\t<\/span>\n\t\t\t\t\t<\/a>\n\t\t<\/div>\n\t\t\t\t<\/div>\n\t\t\t\t<\/div>\n\t\t\t\t\t<\/div>\n\t\t<\/div>\n\t\t\t\t<div class=\"elementor-column elementor-col-33 elementor-inner-column elementor-element elementor-element-5d06460\" data-id=\"5d06460\" data-element_type=\"column\" data-settings=\"{&quot;background_background&quot;:&quot;classic&quot;,&quot;animation&quot;:&quot;none&quot;}\">\n\t\t\t<div class=\"elementor-widget-wrap elementor-element-populated\">\n\t\t\t\t\t\t\t\t<div class=\"elementor-element elementor-element-c9fe3c0 elementor-widget elementor-widget-image\" data-id=\"c9fe3c0\" data-element_type=\"widget\" data-widget_type=\"image.default\">\n\t\t\t\t<div class=\"elementor-widget-container\">\n\t\t\t\t\t\t\t\t\t\t\t\t\t\t\t<img decoding=\"async\" width=\"512\" height=\"350\" src=\"https:\/\/oromat.si\/wp-content\/uploads\/2021\/01\/3d-printanje-3d-konstrukcije-3d-skeniranje.jpg\" class=\"attachment-large size-large wp-image-2378\" alt=\"\" srcset=\"https:\/\/oromat.si\/wp-content\/uploads\/2021\/01\/3d-printanje-3d-konstrukcije-3d-skeniranje.jpg 512w, https:\/\/oromat.si\/wp-content\/uploads\/2021\/01\/3d-printanje-3d-konstrukcije-3d-skeniranje-300x205.jpg 300w, https:\/\/oromat.si\/wp-content\/uploads\/2021\/01\/3d-printanje-3d-konstrukcije-3d-skeniranje-16x12.jpg 16w\" sizes=\"(max-width: 512px) 100vw, 512px\" \/>\t\t\t\t\t\t\t\t\t\t\t\t\t\t\t<\/div>\n\t\t\t\t<\/div>\n\t\t\t\t<div class=\"elementor-element elementor-element-75c8ffc elementor-view-stacked elementor-shape-square elementor-widget elementor-widget-icon\" data-id=\"75c8ffc\" data-element_type=\"widget\" data-widget_type=\"icon.default\">\n\t\t\t\t<div class=\"elementor-widget-container\">\n\t\t\t\t\t<div class=\"elementor-icon-wrapper\">\n\t\t\t<div class=\"elementor-icon\">\n\t\t\t<i aria-hidden=\"true\" class=\"fas fa-stream\"><\/i>\t\t\t<\/div>\n\t\t<\/div>\n\t\t\t\t<\/div>\n\t\t\t\t<\/div>\n\t\t\t\t<div class=\"elementor-element elementor-element-17ab346 elementor-align-center elementor-widget elementor-widget-button\" data-id=\"17ab346\" data-element_type=\"widget\" data-widget_type=\"button.default\">\n\t\t\t\t<div class=\"elementor-widget-container\">\n\t\t\t\t\t<div class=\"elementor-button-wrapper\">\n\t\t\t<a class=\"elementor-button elementor-button-link elementor-size-sm elementor-animation-grow\" href=\"https:\/\/oromat.si\/3d-storitve\/\">\n\t\t\t\t\t\t<span class=\"elementor-button-content-wrapper\">\n\t\t\t\t\t\t<span class=\"elementor-button-text\">3D PRINT & SCAN<\/span>\n\t\t<\/span>\n\t\t\t\t\t<\/a>\n\t\t<\/div>\n\t\t\t\t<\/div>\n\t\t\t\t<\/div>\n\t\t\t\t\t<\/div>\n\t\t<\/div>\n\t\t\t\t\t\t\t<\/div>\n\t\t<\/section>\n\t\t\t\t\t<\/div>\n\t\t<\/div>\n\t\t\t\t\t\t\t<\/div>\n\t\t<\/section>\n\t\t\t\t<section class=\"elementor-section elementor-top-section elementor-element elementor-element-d98d0c0 elementor-section-boxed elementor-section-height-default elementor-section-height-default\" data-id=\"d98d0c0\" data-element_type=\"section\" data-settings=\"{&quot;background_background&quot;:&quot;classic&quot;,&quot;animation&quot;:&quot;none&quot;}\">\n\t\t\t\t\t\t<div class=\"elementor-container elementor-column-gap-default\">\n\t\t\t\t\t<div class=\"elementor-column elementor-col-100 elementor-top-column elementor-element elementor-element-fb372b9\" data-id=\"fb372b9\" data-element_type=\"column\">\n\t\t\t<div class=\"elementor-widget-wrap elementor-element-populated\">\n\t\t\t\t\t\t\t\t<div class=\"elementor-element elementor-element-8ebacc4 elementor-widget elementor-widget-heading\" data-id=\"8ebacc4\" data-element_type=\"widget\" data-widget_type=\"heading.default\">\n\t\t\t\t<div class=\"elementor-widget-container\">\n\t\t\t<h1 class=\"elementor-heading-title elementor-size-xl\">STROJNI PARK<\/h1>\t\t<\/div>\n\t\t\t\t<\/div>\n\t\t\t\t<section class=\"elementor-section elementor-inner-section elementor-element elementor-element-bcc7620 elementor-section-boxed elementor-section-height-default elementor-section-height-default\" data-id=\"bcc7620\" data-element_type=\"section\">\n\t\t\t\t\t\t<div class=\"elementor-container elementor-column-gap-default\">\n\t\t\t\t\t<div class=\"elementor-column elementor-col-50 elementor-inner-column elementor-element elementor-element-b1c71ff\" data-id=\"b1c71ff\" data-element_type=\"column\">\n\t\t\t<div class=\"elementor-widget-wrap elementor-element-populated\">\n\t\t\t\t\t\t\t\t<div class=\"elementor-element elementor-element-0822076 elementor-widget elementor-widget-image\" data-id=\"0822076\" data-element_type=\"widget\" data-widget_type=\"image.default\">\n\t\t\t\t<div class=\"elementor-widget-container\">\n\t\t\t\t\t\t\t\t\t\t\t\t\t\t\t<img loading=\"lazy\" decoding=\"async\" width=\"1024\" height=\"536\" src=\"https:\/\/oromat.si\/wp-content\/uploads\/2021\/01\/Waldrich-N-1024x536.jpg\" class=\"attachment-large size-large wp-image-2358\" alt=\"\" srcset=\"https:\/\/oromat.si\/wp-content\/uploads\/2021\/01\/Waldrich-N-1024x536.jpg 1024w, https:\/\/oromat.si\/wp-content\/uploads\/2021\/01\/Waldrich-N-300x157.jpg 300w, https:\/\/oromat.si\/wp-content\/uploads\/2021\/01\/Waldrich-N-768x402.jpg 768w, https:\/\/oromat.si\/wp-content\/uploads\/2021\/01\/Waldrich-N-16x8.jpg 16w, https:\/\/oromat.si\/wp-content\/uploads\/2021\/01\/Waldrich-N.jpg 1200w\" sizes=\"(max-width: 1024px) 100vw, 1024px\" \/>\t\t\t\t\t\t\t\t\t\t\t\t\t\t\t<\/div>\n\t\t\t\t<\/div>\n\t\t\t\t<div class=\"elementor-element elementor-element-00a1d7f elementor-align-center elementor-widget elementor-widget-button\" data-id=\"00a1d7f\" data-element_type=\"widget\" data-widget_type=\"button.default\">\n\t\t\t\t<div class=\"elementor-widget-container\">\n\t\t\t\t\t<div class=\"elementor-button-wrapper\">\n\t\t\t<a class=\"elementor-button elementor-button-link elementor-size-sm elementor-animation-grow\" href=\"https:\/\/oromat.si\/strojni-park\/\">\n\t\t\t\t\t\t<span class=\"elementor-button-content-wrapper\">\n\t\t\t\t\t\t<span class=\"elementor-button-text\">waldrich coburg<\/span>\n\t\t<\/span>\n\t\t\t\t\t<\/a>\n\t\t<\/div>\n\t\t\t\t<\/div>\n\t\t\t\t<\/div>\n\t\t\t\t\t<\/div>\n\t\t<\/div>\n\t\t\t\t<div class=\"elementor-column elementor-col-50 elementor-inner-column elementor-element elementor-element-7214e59\" data-id=\"7214e59\" data-element_type=\"column\">\n\t\t\t<div class=\"elementor-widget-wrap elementor-element-populated\">\n\t\t\t\t\t\t\t\t<div class=\"elementor-element elementor-element-fc58a76 elementor-widget elementor-widget-image\" data-id=\"fc58a76\" data-element_type=\"widget\" data-widget_type=\"image.default\">\n\t\t\t\t<div class=\"elementor-widget-container\">\n\t\t\t\t\t\t\t\t\t\t\t\t\t\t\t<img loading=\"lazy\" decoding=\"async\" width=\"1024\" height=\"536\" src=\"https:\/\/oromat.si\/wp-content\/uploads\/2021\/01\/Reichler-N-1024x536.jpg\" class=\"attachment-large size-large wp-image-2360\" alt=\"\" srcset=\"https:\/\/oromat.si\/wp-content\/uploads\/2021\/01\/Reichler-N-1024x536.jpg 1024w, https:\/\/oromat.si\/wp-content\/uploads\/2021\/01\/Reichler-N-300x157.jpg 300w, https:\/\/oromat.si\/wp-content\/uploads\/2021\/01\/Reichler-N-768x402.jpg 768w, https:\/\/oromat.si\/wp-content\/uploads\/2021\/01\/Reichler-N-16x8.jpg 16w, https:\/\/oromat.si\/wp-content\/uploads\/2021\/01\/Reichler-N.jpg 1200w\" sizes=\"(max-width: 1024px) 100vw, 1024px\" \/>\t\t\t\t\t\t\t\t\t\t\t\t\t\t\t<\/div>\n\t\t\t\t<\/div>\n\t\t\t\t<div class=\"elementor-element elementor-element-6366d60 elementor-align-center elementor-widget elementor-widget-button\" data-id=\"6366d60\" data-element_type=\"widget\" data-widget_type=\"button.default\">\n\t\t\t\t<div class=\"elementor-widget-container\">\n\t\t\t\t\t<div class=\"elementor-button-wrapper\">\n\t\t\t<a class=\"elementor-button elementor-button-link elementor-size-sm elementor-animation-grow\" href=\"https:\/\/oromat.si\/strojni-park\/\">\n\t\t\t\t\t\t<span class=\"elementor-button-content-wrapper\">\n\t\t\t\t\t\t<span class=\"elementor-button-text\">reichler & kn\u00f6dler<\/span>\n\t\t<\/span>\n\t\t\t\t\t<\/a>\n\t\t<\/div>\n\t\t\t\t<\/div>\n\t\t\t\t<\/div>\n\t\t\t\t\t<\/div>\n\t\t<\/div>\n\t\t\t\t\t\t\t<\/div>\n\t\t<\/section>\n\t\t\t\t<section class=\"elementor-section elementor-inner-section elementor-element elementor-element-21d9c63 elementor-section-boxed elementor-section-height-default elementor-section-height-default\" data-id=\"21d9c63\" data-element_type=\"section\">\n\t\t\t\t\t\t<div class=\"elementor-container elementor-column-gap-default\">\n\t\t\t\t\t<div class=\"elementor-column elementor-col-50 elementor-inner-column elementor-element elementor-element-65d74bc\" data-id=\"65d74bc\" data-element_type=\"column\">\n\t\t\t<div class=\"elementor-widget-wrap elementor-element-populated\">\n\t\t\t\t\t\t\t\t<div class=\"elementor-element elementor-element-e6b4653 elementor-widget elementor-widget-image\" data-id=\"e6b4653\" data-element_type=\"widget\" data-widget_type=\"image.default\">\n\t\t\t\t<div class=\"elementor-widget-container\">\n\t\t\t\t\t\t\t\t\t\t\t\t\t\t\t<img loading=\"lazy\" decoding=\"async\" width=\"1024\" height=\"536\" src=\"https:\/\/oromat.si\/wp-content\/uploads\/2021\/01\/Novar-N-1024x536.jpg\" class=\"attachment-large size-large wp-image-2359\" alt=\"\" srcset=\"https:\/\/oromat.si\/wp-content\/uploads\/2021\/01\/Novar-N-1024x536.jpg 1024w, https:\/\/oromat.si\/wp-content\/uploads\/2021\/01\/Novar-N-300x157.jpg 300w, https:\/\/oromat.si\/wp-content\/uploads\/2021\/01\/Novar-N-768x402.jpg 768w, https:\/\/oromat.si\/wp-content\/uploads\/2021\/01\/Novar-N-16x8.jpg 16w, https:\/\/oromat.si\/wp-content\/uploads\/2021\/01\/Novar-N.jpg 1200w\" sizes=\"(max-width: 1024px) 100vw, 1024px\" \/>\t\t\t\t\t\t\t\t\t\t\t\t\t\t\t<\/div>\n\t\t\t\t<\/div>\n\t\t\t\t<div class=\"elementor-element elementor-element-d4deda7 elementor-align-center elementor-widget elementor-widget-button\" data-id=\"d4deda7\" data-element_type=\"widget\" data-widget_type=\"button.default\">\n\t\t\t\t<div class=\"elementor-widget-container\">\n\t\t\t\t\t<div class=\"elementor-button-wrapper\">\n\t\t\t<a class=\"elementor-button elementor-button-link elementor-size-sm elementor-animation-grow\" href=\"https:\/\/oromat.si\/strojni-park\/\">\n\t\t\t\t\t\t<span class=\"elementor-button-content-wrapper\">\n\t\t\t\t\t\t<span class=\"elementor-button-text\">novar<\/span>\n\t\t<\/span>\n\t\t\t\t\t<\/a>\n\t\t<\/div>\n\t\t\t\t<\/div>\n\t\t\t\t<\/div>\n\t\t\t\t\t<\/div>\n\t\t<\/div>\n\t\t\t\t<div class=\"elementor-column elementor-col-50 elementor-inner-column elementor-element elementor-element-5d20c17\" data-id=\"5d20c17\" data-element_type=\"column\">\n\t\t\t<div class=\"elementor-widget-wrap elementor-element-populated\">\n\t\t\t\t\t\t\t\t<div class=\"elementor-element elementor-element-ad8a7c2 elementor-widget elementor-widget-image\" data-id=\"ad8a7c2\" data-element_type=\"widget\" data-widget_type=\"image.default\">\n\t\t\t\t<div class=\"elementor-widget-container\">\n\t\t\t\t\t\t\t\t\t\t\t\t\t\t\t<img loading=\"lazy\" decoding=\"async\" width=\"1024\" height=\"536\" src=\"https:\/\/oromat.si\/wp-content\/uploads\/2021\/01\/Tos-N-1024x536.jpg\" class=\"attachment-large size-large wp-image-2357\" alt=\"\" srcset=\"https:\/\/oromat.si\/wp-content\/uploads\/2021\/01\/Tos-N-1024x536.jpg 1024w, https:\/\/oromat.si\/wp-content\/uploads\/2021\/01\/Tos-N-300x157.jpg 300w, https:\/\/oromat.si\/wp-content\/uploads\/2021\/01\/Tos-N-768x402.jpg 768w, https:\/\/oromat.si\/wp-content\/uploads\/2021\/01\/Tos-N-16x8.jpg 16w, https:\/\/oromat.si\/wp-content\/uploads\/2021\/01\/Tos-N.jpg 1200w\" sizes=\"(max-width: 1024px) 100vw, 1024px\" \/>\t\t\t\t\t\t\t\t\t\t\t\t\t\t\t<\/div>\n\t\t\t\t<\/div>\n\t\t\t\t<div class=\"elementor-element elementor-element-35c9e70 elementor-align-center elementor-widget elementor-widget-button\" data-id=\"35c9e70\" data-element_type=\"widget\" data-widget_type=\"button.default\">\n\t\t\t\t<div class=\"elementor-widget-container\">\n\t\t\t\t\t<div class=\"elementor-button-wrapper\">\n\t\t\t<a class=\"elementor-button elementor-button-link elementor-size-sm elementor-animation-grow\" href=\"https:\/\/oromat.si\/strojni-park\/\">\n\t\t\t\t\t\t<span class=\"elementor-button-content-wrapper\">\n\t\t\t\t\t\t<span class=\"elementor-button-text\">TOS<\/span>\n\t\t<\/span>\n\t\t\t\t\t<\/a>\n\t\t<\/div>\n\t\t\t\t<\/div>\n\t\t\t\t<\/div>\n\t\t\t\t\t<\/div>\n\t\t<\/div>\n\t\t\t\t\t\t\t<\/div>\n\t\t<\/section>\n\t\t\t\t\t<\/div>\n\t\t<\/div>\n\t\t\t\t\t\t\t<\/div>\n\t\t<\/section>\n\t\t\t\t<section class=\"elementor-section elementor-top-section elementor-element elementor-element-eeea2a1 elementor-section-boxed elementor-section-height-default elementor-section-height-default\" data-id=\"eeea2a1\" data-element_type=\"section\" data-settings=\"{&quot;background_background&quot;:&quot;classic&quot;}\">\n\t\t\t\t\t\t<div class=\"elementor-container elementor-column-gap-default\">\n\t\t\t\t\t<div class=\"elementor-column elementor-col-100 elementor-top-column elementor-element elementor-element-4b53b84\" data-id=\"4b53b84\" data-element_type=\"column\">\n\t\t\t<div class=\"elementor-widget-wrap elementor-element-populated\">\n\t\t\t\t\t\t\t\t<div class=\"elementor-element elementor-element-1496d56 elementor-widget elementor-widget-heading\" data-id=\"1496d56\" data-element_type=\"widget\" data-widget_type=\"heading.default\">\n\t\t\t\t<div class=\"elementor-widget-container\">\n\t\t\t<h1 class=\"elementor-heading-title elementor-size-xl\">VIDEO PREDSTAVITEV<\/h1>\t\t<\/div>\n\t\t\t\t<\/div>\n\t\t\t\t<div class=\"elementor-element elementor-element-261005e elementor-widget elementor-widget-video\" data-id=\"261005e\" data-element_type=\"widget\" data-settings=\"{&quot;youtube_url&quot;:&quot;https:\\\/\\\/www.youtube.com\\\/watch?v=sPx_oe22pRI&quot;,&quot;video_type&quot;:&quot;youtube&quot;,&quot;controls&quot;:&quot;yes&quot;}\" data-widget_type=\"video.default\">\n\t\t\t\t<div class=\"elementor-widget-container\">\n\t\t\t\t\t<div class=\"elementor-wrapper elementor-open-inline\">\n\t\t\t<div class=\"elementor-video\"><\/div>\t\t<\/div>\n\t\t\t\t<\/div>\n\t\t\t\t<\/div>\n\t\t\t\t<div class=\"elementor-element elementor-element-9eaf183 elementor-align-center elementor-widget elementor-widget-button\" data-id=\"9eaf183\" data-element_type=\"widget\" data-widget_type=\"button.default\">\n\t\t\t\t<div class=\"elementor-widget-container\">\n\t\t\t\t\t<div class=\"elementor-button-wrapper\">\n\t\t\t<a class=\"elementor-button elementor-button-link elementor-size-sm elementor-animation-grow\" href=\"https:\/\/oromat.si\/o-podjetju\/\">\n\t\t\t\t\t\t<span class=\"elementor-button-content-wrapper\">\n\t\t\t\t\t\t<span class=\"elementor-button-text\">ve\u010d o podjetju<\/span>\n\t\t<\/span>\n\t\t\t\t\t<\/a>\n\t\t<\/div>\n\t\t\t\t<\/div>\n\t\t\t\t<\/div>\n\t\t\t\t<div class=\"elementor-element elementor-element-916e63e elementor-widget elementor-widget-spacer\" data-id=\"916e63e\" data-element_type=\"widget\" data-widget_type=\"spacer.default\">\n\t\t\t\t<div class=\"elementor-widget-container\">\n\t\t\t\t\t<div class=\"elementor-spacer\">\n\t\t\t<div class=\"elementor-spacer-inner\"><\/div>\n\t\t<\/div>\n\t\t\t\t<\/div>\n\t\t\t\t<\/div>\n\t\t\t\t\t<\/div>\n\t\t<\/div>\n\t\t\t\t\t\t\t<\/div>\n\t\t<\/section>\n\t\t\t\t\t\t\t<\/div>\n\t\t","protected":false},"excerpt":{"rendered":"<p>CNC rezkanje, CNC stru\u017eenje &#038; 3d storitve Mehanska obdelava jeklarskih, kova\u0161kih in valjarskih proizvodov, ki jih proizvaja Oromat, zajemajo gredice, kvadratne, plo\u0161\u010date in okrogle profile ter valje. Poleg grobe obdelave vseh vrst jekla, vam nudimo \u0161e kvalitetno in natan\u010dno obdelavo razli\u010dnih kovin na CNC strojih. Pomagamo vam tudi pri projektiranju konstrukcij, nudimo storitve 3D merilnih &hellip;<\/p>\n<p class=\"read-more\"> <a class=\"\" href=\"https:\/\/oromat.si\/sl\/\"> <span class=\"screen-reader-text\">Domov<\/span> Read More &raquo;<\/a><\/p>\n","protected":false},"author":1,"featured_media":0,"parent":0,"menu_order":0,"comment_status":"closed","ping_status":"closed","template":"","meta":{"footnotes":""},"_links":{"self":[{"href":"https:\/\/oromat.si\/sl\/wp-json\/wp\/v2\/pages\/333"}],"collection":[{"href":"https:\/\/oromat.si\/sl\/wp-json\/wp\/v2\/pages"}],"about":[{"href":"https:\/\/oromat.si\/sl\/wp-json\/wp\/v2\/types\/page"}],"author":[{"embeddable":true,"href":"https:\/\/oromat.si\/sl\/wp-json\/wp\/v2\/users\/1"}],"replies":[{"embeddable":true,"href":"https:\/\/oromat.si\/sl\/wp-json\/wp\/v2\/comments?post=333"}],"version-history":[{"count":51,"href":"https:\/\/oromat.si\/sl\/wp-json\/wp\/v2\/pages\/333\/revisions"}],"predecessor-version":[{"id":3459,"href":"https:\/\/oromat.si\/sl\/wp-json\/wp\/v2\/pages\/333\/revisions\/3459"}],"wp:attachment":[{"href":"https:\/\/oromat.si\/sl\/wp-json\/wp\/v2\/media?parent=333"}],"curies":[{"name":"wp","href":"https:\/\/api.w.org\/{rel}","templated":true}]}}