{"id":4387,"date":"2021-04-23T07:27:49","date_gmt":"2021-04-23T07:27:49","guid":{"rendered":"https:\/\/oromat.si\/?page_id=4387"},"modified":"2021-04-23T08:08:34","modified_gmt":"2021-04-23T08:08:34","slug":"9-stopenjsko-vrtanje-in-vrtanje-posnetkov","status":"publish","type":"page","link":"https:\/\/oromat.si\/sl\/9-stopenjsko-vrtanje-in-vrtanje-posnetkov\/","title":{"rendered":"9. Stopenjsko vrtanje in vrtanje posnetkov"},"content":{"rendered":"\t\t<div data-elementor-type=\"wp-page\" data-elementor-id=\"4387\" class=\"elementor elementor-4387\">\n\t\t\t\t\t\t\t\t\t<section class=\"elementor-section elementor-top-section elementor-element elementor-element-4d804e9d elementor-section-boxed elementor-section-height-default elementor-section-height-default\" data-id=\"4d804e9d\" data-element_type=\"section\" data-settings=\"{&quot;background_background&quot;:&quot;classic&quot;}\">\n\t\t\t\t\t\t<div class=\"elementor-container elementor-column-gap-default\">\n\t\t\t\t\t<div class=\"elementor-column elementor-col-100 elementor-top-column elementor-element elementor-element-457cd6ca\" data-id=\"457cd6ca\" data-element_type=\"column\">\n\t\t\t<div class=\"elementor-widget-wrap elementor-element-populated\">\n\t\t\t\t\t\t\t\t<div class=\"elementor-element elementor-element-53ec48ec elementor-widget elementor-widget-spacer\" data-id=\"53ec48ec\" data-element_type=\"widget\" data-widget_type=\"spacer.default\">\n\t\t\t\t<div class=\"elementor-widget-container\">\n\t\t\t\t\t<div class=\"elementor-spacer\">\n\t\t\t<div class=\"elementor-spacer-inner\"><\/div>\n\t\t<\/div>\n\t\t\t\t<\/div>\n\t\t\t\t<\/div>\n\t\t\t\t<div class=\"elementor-element elementor-element-10e82420 elementor-widget elementor-widget-heading\" data-id=\"10e82420\" data-element_type=\"widget\" data-widget_type=\"heading.default\">\n\t\t\t\t<div class=\"elementor-widget-container\">\n\t\t\t<h1 class=\"elementor-heading-title elementor-size-xl\">STOPENJSKO VRTANJE IN VRTANJE POSNETKOV<\/h1>\t\t<\/div>\n\t\t\t\t<\/div>\n\t\t\t\t<div class=\"elementor-element elementor-element-2d379363 elementor-widget elementor-widget-spacer\" data-id=\"2d379363\" data-element_type=\"widget\" data-widget_type=\"spacer.default\">\n\t\t\t\t<div class=\"elementor-widget-container\">\n\t\t\t\t\t<div class=\"elementor-spacer\">\n\t\t\t<div class=\"elementor-spacer-inner\"><\/div>\n\t\t<\/div>\n\t\t\t\t<\/div>\n\t\t\t\t<\/div>\n\t\t\t\t\t<\/div>\n\t\t<\/div>\n\t\t\t\t\t\t\t<\/div>\n\t\t<\/section>\n\t\t\t\t<section class=\"elementor-section elementor-top-section elementor-element elementor-element-e3d1d4f elementor-section-boxed elementor-section-height-default elementor-section-height-default\" data-id=\"e3d1d4f\" data-element_type=\"section\" data-settings=\"{&quot;background_background&quot;:&quot;classic&quot;}\">\n\t\t\t\t\t\t<div class=\"elementor-container elementor-column-gap-default\">\n\t\t\t\t\t<div class=\"elementor-column elementor-col-100 elementor-top-column elementor-element elementor-element-6e00841\" data-id=\"6e00841\" data-element_type=\"column\">\n\t\t\t<div class=\"elementor-widget-wrap elementor-element-populated\">\n\t\t\t\t\t\t\t\t<div class=\"elementor-element elementor-element-a870fb0 elementor-widget elementor-widget-image\" data-id=\"a870fb0\" data-element_type=\"widget\" data-widget_type=\"image.default\">\n\t\t\t\t<div class=\"elementor-widget-container\">\n\t\t\t\t\t\t\t\t\t\t\t\t\t\t\t<img fetchpriority=\"high\" decoding=\"async\" width=\"792\" height=\"596\" src=\"https:\/\/oromat.si\/wp-content\/uploads\/2021\/04\/9.1.png\" class=\"attachment-large size-large wp-image-4197\" alt=\"\" srcset=\"https:\/\/oromat.si\/wp-content\/uploads\/2021\/04\/9.1.png 792w, https:\/\/oromat.si\/wp-content\/uploads\/2021\/04\/9.1-300x226.png 300w, https:\/\/oromat.si\/wp-content\/uploads\/2021\/04\/9.1-768x578.png 768w, https:\/\/oromat.si\/wp-content\/uploads\/2021\/04\/9.1-16x12.png 16w\" sizes=\"(max-width: 792px) 100vw, 792px\" \/>\t\t\t\t\t\t\t\t\t\t\t\t\t\t\t<\/div>\n\t\t\t\t<\/div>\n\t\t\t\t<div class=\"elementor-element elementor-element-88820a0 elementor-align-center elementor-icon-list--layout-traditional elementor-list-item-link-full_width elementor-widget elementor-widget-icon-list\" data-id=\"88820a0\" data-element_type=\"widget\" data-widget_type=\"icon-list.default\">\n\t\t\t\t<div class=\"elementor-widget-container\">\n\t\t\t\t\t<ul class=\"elementor-icon-list-items\">\n\t\t\t\t\t\t\t<li class=\"elementor-icon-list-item\">\n\t\t\t\t\t\t\t\t\t\t<span class=\"elementor-icon-list-text\">1. Stopenjsko vrtanje<\/span>\n\t\t\t\t\t\t\t\t\t<\/li>\n\t\t\t\t\t\t\t\t<li class=\"elementor-icon-list-item\">\n\t\t\t\t\t\t\t\t\t\t<span class=\"elementor-icon-list-text\">2. Kora\u010dno vrtanje in vrtanje posnetkov<\/span>\n\t\t\t\t\t\t\t\t\t<\/li>\n\t\t\t\t\t\t<\/ul>\n\t\t\t\t<\/div>\n\t\t\t\t<\/div>\n\t\t\t\t<div class=\"elementor-element elementor-element-5481155 elementor-widget elementor-widget-heading\" data-id=\"5481155\" data-element_type=\"widget\" data-widget_type=\"heading.default\">\n\t\t\t\t<div class=\"elementor-widget-container\">\n\t\t\t<h2 class=\"elementor-heading-title elementor-size-default\">Vrtanje posnetkov<\/h2>\t\t<\/div>\n\t\t\t\t<\/div>\n\t\t\t\t<div class=\"elementor-element elementor-element-b7b8aaf elementor-widget elementor-widget-image\" data-id=\"b7b8aaf\" data-element_type=\"widget\" data-widget_type=\"image.default\">\n\t\t\t\t<div class=\"elementor-widget-container\">\n\t\t\t\t\t\t\t\t\t\t\t\t\t\t\t<img decoding=\"async\" width=\"791\" height=\"174\" src=\"https:\/\/oromat.si\/wp-content\/uploads\/2021\/04\/9.2.png\" class=\"attachment-large size-large wp-image-4198\" alt=\"\" srcset=\"https:\/\/oromat.si\/wp-content\/uploads\/2021\/04\/9.2.png 791w, https:\/\/oromat.si\/wp-content\/uploads\/2021\/04\/9.2-300x66.png 300w, https:\/\/oromat.si\/wp-content\/uploads\/2021\/04\/9.2-768x169.png 768w, https:\/\/oromat.si\/wp-content\/uploads\/2021\/04\/9.2-16x4.png 16w\" sizes=\"(max-width: 791px) 100vw, 791px\" \/>\t\t\t\t\t\t\t\t\t\t\t\t\t\t\t<\/div>\n\t\t\t\t<\/div>\n\t\t\t\t<div class=\"elementor-element elementor-element-f235acc elementor-widget elementor-widget-image\" data-id=\"f235acc\" data-element_type=\"widget\" data-widget_type=\"image.default\">\n\t\t\t\t<div class=\"elementor-widget-container\">\n\t\t\t\t\t\t\t\t\t\t\t\t\t\t\t<img decoding=\"async\" width=\"247\" height=\"111\" src=\"https:\/\/oromat.si\/wp-content\/uploads\/2021\/04\/9.3.png\" class=\"attachment-large size-large wp-image-4199\" alt=\"\" srcset=\"https:\/\/oromat.si\/wp-content\/uploads\/2021\/04\/9.3.png 247w, https:\/\/oromat.si\/wp-content\/uploads\/2021\/04\/9.3-16x7.png 16w\" sizes=\"(max-width: 247px) 100vw, 247px\" \/>\t\t\t\t\t\t\t\t\t\t\t\t\t\t\t<\/div>\n\t\t\t\t<\/div>\n\t\t\t\t<div class=\"elementor-element elementor-element-6912b43 elementor-widget elementor-widget-text-editor\" data-id=\"6912b43\" data-element_type=\"widget\" data-widget_type=\"text-editor.default\">\n\t\t\t\t<div class=\"elementor-widget-container\">\n\t\t\t\t\t\t\t<p style=\"text-align: center;\"><strong>Kaj je posneta luknja?<\/strong><\/p><p style=\"text-align: center;\">Veliko \u0161tevilo vseh proizvedenih lukenj potrebuje posnetek ali vsaj nekaj odstranjevanja strganja. Nekateri tipi\u010dni primeri so luknje za vijake in kovice.<\/p><p style=\"text-align: center;\">Izbirate lahko med ve\u010d svedri, s kro\u017eno interpolacijo pa lahko uporabite celo stru\u017eno ali rezkalno orodje.<\/p>\t\t\t\t\t\t<\/div>\n\t\t\t\t<\/div>\n\t\t\t\t<div class=\"elementor-element elementor-element-84299eb elementor-widget elementor-widget-text-editor\" data-id=\"84299eb\" data-element_type=\"widget\" data-widget_type=\"text-editor.default\">\n\t\t\t\t<div class=\"elementor-widget-container\">\n\t\t\t\t\t\t\t<p style=\"text-align: center;\"><strong>Trdi karbidni vrtalniki<br \/><\/strong><\/p><p style=\"text-align: center;\">Standardni program svedrov za 45 \u00b0 posnetke, prilagojen za razli\u010dne luknje navojev \/ pipe do globine odprtin 2-3 x DC.<\/p>\t\t\t\t\t\t<\/div>\n\t\t\t\t<\/div>\n\t\t\t\t<div class=\"elementor-element elementor-element-759e04b elementor-widget elementor-widget-image\" data-id=\"759e04b\" data-element_type=\"widget\" data-widget_type=\"image.default\">\n\t\t\t\t<div class=\"elementor-widget-container\">\n\t\t\t\t\t\t\t\t\t\t\t\t\t\t\t<img loading=\"lazy\" decoding=\"async\" width=\"338\" height=\"100\" src=\"https:\/\/oromat.si\/wp-content\/uploads\/2021\/04\/9.4.png\" class=\"attachment-large size-large wp-image-4200\" alt=\"\" srcset=\"https:\/\/oromat.si\/wp-content\/uploads\/2021\/04\/9.4.png 338w, https:\/\/oromat.si\/wp-content\/uploads\/2021\/04\/9.4-300x89.png 300w, https:\/\/oromat.si\/wp-content\/uploads\/2021\/04\/9.4-16x5.png 16w\" sizes=\"(max-width: 338px) 100vw, 338px\" \/>\t\t\t\t\t\t\t\t\t\t\t\t\t\t\t<\/div>\n\t\t\t\t<\/div>\n\t\t\t\t<div class=\"elementor-element elementor-element-4e660de elementor-widget elementor-widget-heading\" data-id=\"4e660de\" data-element_type=\"widget\" data-widget_type=\"heading.default\">\n\t\t\t\t<div class=\"elementor-widget-container\">\n\t\t\t<h3 class=\"elementor-heading-title elementor-size-default\">Kako uporabiti vrtanje posnetkov<\/h3>\t\t<\/div>\n\t\t\t\t<\/div>\n\t\t\t\t<div class=\"elementor-element elementor-element-c9e63ed elementor-widget elementor-widget-text-editor\" data-id=\"c9e63ed\" data-element_type=\"widget\" data-widget_type=\"text-editor.default\">\n\t\t\t\t<div class=\"elementor-widget-container\">\n\t\t\t\t\t\t\t<p style=\"text-align: center;\">Obi\u010dajno je treba pri rezanju vlo\u017eka posnetja uporabiti enako dovajanje, fn (mm \/ vrt). To je pomembno, zlasti pri vrtanju slepe luknje, ker lahko zmanj\u0161anje dovoda povzro\u010di dolge odrezke pri vrtanju.<\/p><p style=\"text-align: center;\">V\u010dasih pa je v materialih z dolgimi sekanci morda potrebna prilagoditev podajanja med postopkom posnemanja, da se prepre\u010di, da bi se dolgi sekanci ovili okoli svedra.<\/p><p style=\"text-align: center;\">fn drillfn posnemanje<\/p>\t\t\t\t\t\t<\/div>\n\t\t\t\t<\/div>\n\t\t\t\t<div class=\"elementor-element elementor-element-8bdb7b4 elementor-widget elementor-widget-image\" data-id=\"8bdb7b4\" data-element_type=\"widget\" data-widget_type=\"image.default\">\n\t\t\t\t<div class=\"elementor-widget-container\">\n\t\t\t\t\t\t\t\t\t\t\t\t\t\t\t<img loading=\"lazy\" decoding=\"async\" width=\"335\" height=\"222\" src=\"https:\/\/oromat.si\/wp-content\/uploads\/2021\/04\/9.5.png\" class=\"attachment-large size-large wp-image-4201\" alt=\"\" srcset=\"https:\/\/oromat.si\/wp-content\/uploads\/2021\/04\/9.5.png 335w, https:\/\/oromat.si\/wp-content\/uploads\/2021\/04\/9.5-300x199.png 300w, https:\/\/oromat.si\/wp-content\/uploads\/2021\/04\/9.5-16x12.png 16w\" sizes=\"(max-width: 335px) 100vw, 335px\" \/>\t\t\t\t\t\t\t\t\t\t\t\t\t\t\t<\/div>\n\t\t\t\t<\/div>\n\t\t\t\t<div class=\"elementor-element elementor-element-274637c elementor-widget elementor-widget-heading\" data-id=\"274637c\" data-element_type=\"widget\" data-widget_type=\"heading.default\">\n\t\t\t\t<div class=\"elementor-widget-container\">\n\t\t\t<h2 class=\"elementor-heading-title elementor-size-default\">Kora\u010dno vrtanje in vrtanje posnetkov<\/h2>\t\t<\/div>\n\t\t\t\t<\/div>\n\t\t\t\t<div class=\"elementor-element elementor-element-62be4e4 elementor-widget elementor-widget-image\" data-id=\"62be4e4\" data-element_type=\"widget\" data-widget_type=\"image.default\">\n\t\t\t\t<div class=\"elementor-widget-container\">\n\t\t\t\t\t\t\t\t\t\t\t\t\t\t\t<img loading=\"lazy\" decoding=\"async\" width=\"793\" height=\"170\" src=\"https:\/\/oromat.si\/wp-content\/uploads\/2021\/04\/9.6.png\" class=\"attachment-large size-large wp-image-4202\" alt=\"\" srcset=\"https:\/\/oromat.si\/wp-content\/uploads\/2021\/04\/9.6.png 793w, https:\/\/oromat.si\/wp-content\/uploads\/2021\/04\/9.6-300x64.png 300w, https:\/\/oromat.si\/wp-content\/uploads\/2021\/04\/9.6-768x165.png 768w, https:\/\/oromat.si\/wp-content\/uploads\/2021\/04\/9.6-16x3.png 16w\" sizes=\"(max-width: 793px) 100vw, 793px\" \/>\t\t\t\t\t\t\t\t\t\t\t\t\t\t\t<\/div>\n\t\t\t\t<\/div>\n\t\t\t\t<div class=\"elementor-element elementor-element-f980e73 elementor-widget elementor-widget-image\" data-id=\"f980e73\" data-element_type=\"widget\" data-widget_type=\"image.default\">\n\t\t\t\t<div class=\"elementor-widget-container\">\n\t\t\t\t\t\t\t\t\t\t\t\t\t\t\t<img loading=\"lazy\" decoding=\"async\" width=\"244\" height=\"112\" src=\"https:\/\/oromat.si\/wp-content\/uploads\/2021\/04\/9.7.png\" class=\"attachment-large size-large wp-image-4203\" alt=\"\" srcset=\"https:\/\/oromat.si\/wp-content\/uploads\/2021\/04\/9.7.png 244w, https:\/\/oromat.si\/wp-content\/uploads\/2021\/04\/9.7-16x7.png 16w\" sizes=\"(max-width: 244px) 100vw, 244px\" \/>\t\t\t\t\t\t\t\t\t\t\t\t\t\t\t<\/div>\n\t\t\t\t<\/div>\n\t\t\t\t<div class=\"elementor-element elementor-element-c86b5c1 elementor-widget elementor-widget-text-editor\" data-id=\"c86b5c1\" data-element_type=\"widget\" data-widget_type=\"text-editor.default\">\n\t\t\t\t<div class=\"elementor-widget-container\">\n\t\t\t\t\t\t\t<p style=\"text-align: center;\">Druga pogosta vrsta lukenj je stopni\u010dasta ali stopni\u010dasta in posneta luknja. Tipi\u010dne aplikacije so sestavni deli s potopljenimi vijaki ali vijaki.<\/p>\t\t\t\t\t\t<\/div>\n\t\t\t\t<\/div>\n\t\t\t\t<div class=\"elementor-element elementor-element-9d72a97 elementor-widget elementor-widget-heading\" data-id=\"9d72a97\" data-element_type=\"widget\" data-widget_type=\"heading.default\">\n\t\t\t\t<div class=\"elementor-widget-container\">\n\t\t\t<h3 class=\"elementor-heading-title elementor-size-default\">Vrtanje stopni\u010dastih ali stopni\u010dastih in posnetih lukenj<\/h3>\t\t<\/div>\n\t\t\t\t<\/div>\n\t\t\t\t<div class=\"elementor-element elementor-element-879ead8 elementor-widget elementor-widget-text-editor\" data-id=\"879ead8\" data-element_type=\"widget\" data-widget_type=\"text-editor.default\">\n\t\t\t\t<div class=\"elementor-widget-container\">\n\t\t\t\t\t\t\t<p style=\"text-align: center;\"><strong>Luknje za stopnice \/ posnetke v enem prehodu<\/strong><\/p><p style=\"text-align: center;\">Svedri iz trdne karbida &#8211; na voljo s stopnicami in posnetki.<\/p><p style=\"text-align: center;\"><strong>Stopenjske luknje z vrtanjem dveh lukenj<\/strong><\/p><p style=\"text-align: center;\">Svedri iz trdega karbida &#8211; vrtalnik izberite glede na velikost in globino luknje.<\/p><p style=\"text-align: center;\"><strong>Stopenjske luknje z vrtanjem<\/strong> <\/p><p style=\"text-align: center;\">Svedri iz trdne karbida &#8211; vrtalnik in vrtalno orodje izberite glede na velikost in globino luknje.<\/p><p style=\"text-align: center;\"><strong>Stopni\u010daste luknje s spiralno interpolacijo<\/strong><\/p><p style=\"text-align: center;\">Premer luknje koraka je lahko 2 x DC. Vija\u010dna interpolacija je po\u010dasno delovanje in se je ne sme uporabljati za globoke korake. Izberite rezalnik glede na velikost luknje.<\/p><p style=\"text-align: center;\"><strong>Nevrtajo\u010di se vrtalnik<\/strong><\/p><p style=\"text-align: center;\">Izberite standardni sveder in programirajte pot orodja.<\/p>\t\t\t\t\t\t<\/div>\n\t\t\t\t<\/div>\n\t\t\t\t<div class=\"elementor-element elementor-element-3e6af2b elementor-widget elementor-widget-heading\" data-id=\"3e6af2b\" data-element_type=\"widget\" data-widget_type=\"heading.default\">\n\t\t\t\t<div class=\"elementor-widget-container\">\n\t\t\t<h3 class=\"elementor-heading-title elementor-size-default\">Kako za\u010deti?<\/h3>\t\t<\/div>\n\t\t\t\t<\/div>\n\t\t\t\t<div class=\"elementor-element elementor-element-8450613 elementor-widget elementor-widget-text-editor\" data-id=\"8450613\" data-element_type=\"widget\" data-widget_type=\"text-editor.default\">\n\t\t\t\t<div class=\"elementor-widget-container\">\n\t\t\t\t\t\t\t<p style=\"text-align: center;\"><strong>Luknje za stopnice \/ posnetke v enem prehodu<\/strong><\/p>\t\t\t\t\t\t<\/div>\n\t\t\t\t<\/div>\n\t\t\t\t<div class=\"elementor-element elementor-element-2d5032f elementor-widget elementor-widget-image\" data-id=\"2d5032f\" data-element_type=\"widget\" data-widget_type=\"image.default\">\n\t\t\t\t<div class=\"elementor-widget-container\">\n\t\t\t\t\t\t\t\t\t\t\t\t\t\t\t<img loading=\"lazy\" decoding=\"async\" width=\"354\" height=\"157\" src=\"https:\/\/oromat.si\/wp-content\/uploads\/2021\/04\/9.8.png\" class=\"attachment-large size-large wp-image-4204\" alt=\"\" srcset=\"https:\/\/oromat.si\/wp-content\/uploads\/2021\/04\/9.8.png 354w, https:\/\/oromat.si\/wp-content\/uploads\/2021\/04\/9.8-300x133.png 300w, https:\/\/oromat.si\/wp-content\/uploads\/2021\/04\/9.8-16x7.png 16w\" sizes=\"(max-width: 354px) 100vw, 354px\" \/>\t\t\t\t\t\t\t\t\t\t\t\t\t\t\t<\/div>\n\t\t\t\t<\/div>\n\t\t\t\t<div class=\"elementor-element elementor-element-9d81eaa elementor-widget elementor-widget-text-editor\" data-id=\"9d81eaa\" data-element_type=\"widget\" data-widget_type=\"text-editor.default\">\n\t\t\t\t<div class=\"elementor-widget-container\">\n\t\t\t\t\t\t\t<p style=\"text-align: center;\">Izziv pri uporabi orodja z ve\u010d premeri je dose\u010di dobro lomljenje odrezkov z vseh robov reza. Pri dolgosekljanih materialih, kot so nizkooglji\u010dna jekla in nerjave\u010da jekla, je treba za\u010detne preskuse izvesti v korakih:<\/p>\t\t\t\t\t\t<\/div>\n\t\t\t\t<\/div>\n\t\t\t\t<div class=\"elementor-element elementor-element-d44c415 elementor-align-center elementor-icon-list--layout-traditional elementor-list-item-link-full_width elementor-widget elementor-widget-icon-list\" data-id=\"d44c415\" data-element_type=\"widget\" data-widget_type=\"icon-list.default\">\n\t\t\t\t<div class=\"elementor-widget-container\">\n\t\t\t\t\t<ul class=\"elementor-icon-list-items\">\n\t\t\t\t\t\t\t<li class=\"elementor-icon-list-item\">\n\t\t\t\t\t\t\t\t\t\t<span class=\"elementor-icon-list-text\">1. Najprej preverite nastanek odrezkov iz svedra<\/span>\n\t\t\t\t\t\t\t\t\t<\/li>\n\t\t\t\t\t\t\t\t<li class=\"elementor-icon-list-item\">\n\t\t\t\t\t\t\t\t\t\t<span class=\"elementor-icon-list-text\">2. Preverite nastanek \u010dipov na kora\u010dnem vlo\u017eku<\/span>\n\t\t\t\t\t\t\t\t\t<\/li>\n\t\t\t\t\t\t\t\t<li class=\"elementor-icon-list-item\">\n\t\t\t\t\t\t\t\t\t\t<span class=\"elementor-icon-list-text\">3. Preverite nastanek ostru\u017ekov iz vlo\u017eka posnetja<\/span>\n\t\t\t\t\t\t\t\t\t<\/li>\n\t\t\t\t\t\t<\/ul>\n\t\t\t\t<\/div>\n\t\t\t\t<\/div>\n\t\t\t\t<div class=\"elementor-element elementor-element-2ac2959 elementor-widget elementor-widget-text-editor\" data-id=\"2ac2959\" data-element_type=\"widget\" data-widget_type=\"text-editor.default\">\n\t\t\t\t<div class=\"elementor-widget-container\">\n\t\t\t\t\t\t\t<p style=\"text-align: center;\"><strong>Stopenjske luknje z vrtanjem dveh lukenj<\/strong><\/p>\t\t\t\t\t\t<\/div>\n\t\t\t\t<\/div>\n\t\t\t\t<div class=\"elementor-element elementor-element-51ad817 elementor-widget elementor-widget-image\" data-id=\"51ad817\" data-element_type=\"widget\" data-widget_type=\"image.default\">\n\t\t\t\t<div class=\"elementor-widget-container\">\n\t\t\t\t\t\t\t\t\t\t\t\t\t\t\t<img loading=\"lazy\" decoding=\"async\" width=\"344\" height=\"165\" src=\"https:\/\/oromat.si\/wp-content\/uploads\/2021\/04\/9.9.png\" class=\"attachment-large size-large wp-image-4205\" alt=\"\" srcset=\"https:\/\/oromat.si\/wp-content\/uploads\/2021\/04\/9.9.png 344w, https:\/\/oromat.si\/wp-content\/uploads\/2021\/04\/9.9-300x144.png 300w, https:\/\/oromat.si\/wp-content\/uploads\/2021\/04\/9.9-16x8.png 16w\" sizes=\"(max-width: 344px) 100vw, 344px\" \/>\t\t\t\t\t\t\t\t\t\t\t\t\t\t\t<\/div>\n\t\t\t\t<\/div>\n\t\t\t\t<div class=\"elementor-element elementor-element-3fd94c3 elementor-widget elementor-widget-text-editor\" data-id=\"3fd94c3\" data-element_type=\"widget\" data-widget_type=\"text-editor.default\">\n\t\t\t\t<div class=\"elementor-widget-container\">\n\t\t\t\t\t\t\t<p style=\"text-align: center;\">Najprej ve\u010dji premer, nato manj\u0161i.<\/p><p style=\"text-align: center;\">Vedno za\u010dnite vrtati velik premer, da zagotovite centriranje vrtalne to\u010dke in prepre\u010dite sekanje rezalnih robov.<\/p><p style=\"text-align: center;\">Pri vrtanju majhnega premera se prepri\u010dajte, da je kot vrtalne to\u010dke enak ali manj\u0161i od velikega svedra, da zagotovite, da konica najprej udari v obdelovanec.<\/p>\t\t\t\t\t\t<\/div>\n\t\t\t\t<\/div>\n\t\t\t\t<div class=\"elementor-element elementor-element-9484e1c elementor-widget elementor-widget-text-editor\" data-id=\"9484e1c\" data-element_type=\"widget\" data-widget_type=\"text-editor.default\">\n\t\t\t\t<div class=\"elementor-widget-container\">\n\t\t\t\t\t\t\t<p>\u00a0<\/p><p style=\"text-align: center;\"><strong><span style=\"color: #0000ff;\">Vas zanimajo storitve stru\u017eenja?<\/span><\/strong><\/p><p style=\"text-align: center;\"><span style=\"color: #0000ff;\">Poglejte si na\u0161o ponudbo:<\/span><\/p><p style=\"text-align: center;\"><a href=\"https:\/\/oromat.si\/groba-obdelava-kovin\/\">GROBO STRU\u017dENJE<\/a><\/p><p style=\"text-align: center;\"><a href=\"https:\/\/oromat.si\/cnc-obdelava-kovin\/\">CNC STRU\u017dENJE<\/a><\/p><p style=\"text-align: center;\"><span style=\"color: #0000ff;\">Za vsa vpra\u0161anja smo vam na voljo:<\/span><\/p><p style=\"text-align: center;\"><a href=\"https:\/\/oromat.si\/kontakt\/\">KONTAKT<\/a><\/p><p>\u00a0<\/p>\t\t\t\t\t\t<\/div>\n\t\t\t\t<\/div>\n\t\t\t\t\t<\/div>\n\t\t<\/div>\n\t\t\t\t\t\t\t<\/div>\n\t\t<\/section>\n\t\t\t\t\t\t\t<\/div>\n\t\t","protected":false},"excerpt":{"rendered":"<p>STOPENJSKO VRTANJE IN VRTANJE POSNETKOV 1. Stopenjsko vrtanje 2. Kora\u010dno vrtanje in vrtanje posnetkov Vrtanje posnetkov Kaj je posneta luknja? Veliko \u0161tevilo vseh proizvedenih lukenj potrebuje posnetek ali vsaj nekaj odstranjevanja strganja. Nekateri tipi\u010dni primeri so luknje za vijake in kovice. Izbirate lahko med ve\u010d svedri, s kro\u017eno interpolacijo pa lahko uporabite celo stru\u017eno ali &hellip;<\/p>\n<p class=\"read-more\"> <a class=\"\" href=\"https:\/\/oromat.si\/sl\/9-stopenjsko-vrtanje-in-vrtanje-posnetkov\/\"> <span class=\"screen-reader-text\">9. Stopenjsko vrtanje in vrtanje posnetkov<\/span> Read More &raquo;<\/a><\/p>\n","protected":false},"author":1,"featured_media":0,"parent":0,"menu_order":0,"comment_status":"closed","ping_status":"closed","template":"","meta":{"footnotes":""},"_links":{"self":[{"href":"https:\/\/oromat.si\/sl\/wp-json\/wp\/v2\/pages\/4387"}],"collection":[{"href":"https:\/\/oromat.si\/sl\/wp-json\/wp\/v2\/pages"}],"about":[{"href":"https:\/\/oromat.si\/sl\/wp-json\/wp\/v2\/types\/page"}],"author":[{"embeddable":true,"href":"https:\/\/oromat.si\/sl\/wp-json\/wp\/v2\/users\/1"}],"replies":[{"embeddable":true,"href":"https:\/\/oromat.si\/sl\/wp-json\/wp\/v2\/comments?post=4387"}],"version-history":[{"count":55,"href":"https:\/\/oromat.si\/sl\/wp-json\/wp\/v2\/pages\/4387\/revisions"}],"predecessor-version":[{"id":4445,"href":"https:\/\/oromat.si\/sl\/wp-json\/wp\/v2\/pages\/4387\/revisions\/4445"}],"wp:attachment":[{"href":"https:\/\/oromat.si\/sl\/wp-json\/wp\/v2\/media?parent=4387"}],"curies":[{"name":"wp","href":"https:\/\/api.w.org\/{rel}","templated":true}]}}